{"id":2,"date":"2020-02-12T14:51:16","date_gmt":"2020-02-12T13:51:16","guid":{"rendered":"http:\/\/www.gremlins.be\/?page_id=2"},"modified":"2021-09-27T11:34:28","modified_gmt":"2021-09-27T09:34:28","slug":"accueil","status":"publish","type":"page","link":"https:\/\/www.gremlins.be\/fr\/","title":{"rendered":"Accueil"},"content":{"rendered":"\r\n<div class=\"row \">\r\n<div class=\" col-lg-8  \">\r\n<p>Merci de votre int\u00e9r\u00eat pour notre centre de vacances \u00ab Gremlins \u00bb pour chats. Nous vous souhaitons d\u2019ores et d\u00e9j\u00e0 la bienvenue sur notre site pour une visite que nous esp\u00e9rons int\u00e9r\u00e9ssante et agr\u00e9able!<\/p>\r\n<p>Fort d\u2019une exp\u00e9rience de plus de 30 ann\u00e9es dans un concept simple et familial nous accueillons vos compagnons dans le Brabant flamand, au c\u0153ur du Pajottenland, une situation exceptionnelle en pleine nature \u00e0 30km de Bruxelles.<\/p>\r\n<p>Votre animal n\u2019y trouvera que plaisir, jeux, joie de vivre au milieu d\u2019autres \u00ab vacanciers \u00bb.<\/p>\r\n<p>Notre passion est devenue notre m\u00e9tier : qu\u2019il soit grand, petit, gros, poilu, ras\u00e9, jeune, vieux, jouette, calme, nerveux (mais pas agressif) peu importe, une seule devise : la qualit\u00e9 prime sur la quantit\u00e9.<\/p>\r\n<p>Nous sommes ouvert toute l\u2019ann\u00e9e uniquement sur rendez-vous.<\/p>\r\n<p>Pr\u00e8s de vos amis, loin du bruit c\u2019est l\u00e0 que l\u2019on vit.<\/p>\r\n<h3><strong>Nos cong\u00e9s : sur demande pour raison de s\u00e9curit\u00e9<\/strong><\/h3>\r\n<\/div>\r\n<div class=\"col  \">\r\n<p><img decoding=\"async\" loading=\"lazy\" class=\"img-fluid alignnone wp-image-57 size-large\" src=\"http:\/\/www.gremlins.be\/app\/uploads\/2020\/02\/DSC01367-1024x768.jpg\" alt=\"\" width=\"1024\" height=\"768\" srcset=\"https:\/\/www.gremlins.be\/app\/uploads\/2020\/02\/DSC01367-1024x768.jpg 1024w, https:\/\/www.gremlins.be\/app\/uploads\/2020\/02\/DSC01367-300x225.jpg 300w, https:\/\/www.gremlins.be\/app\/uploads\/2020\/02\/DSC01367-768x576.jpg 768w, https:\/\/www.gremlins.be\/app\/uploads\/2020\/02\/DSC01367.jpg 1280w\" sizes=\"(max-width: 1024px) 100vw, 1024px\" \/><\/p>\r\n<\/div>\r\n<\/div>\r\n<div class=\"menu-bloc\">\n  <div class=\"row justify-content-md-center\">\n    \n      <div class=\"col-lg-4 col-md-6\">\n        <a class=\"menu-bloc-item\" href=\"https:\/\/www.gremlins.be\/fr\/pension\/chats\/\" style=\"background-image: url(https:\/\/www.gremlins.be\/app\/uploads\/2020\/02\/piece_chats_004.jpg\">\n          <span class=\"menu-bloc-item-title\">Pension chats<\/span>\n        <\/a>\n      <\/div>\n      <\/div>\n<\/div>\n\r\n","protected":false},"excerpt":{"rendered":"","protected":false},"author":1,"featured_media":0,"parent":0,"menu_order":0,"comment_status":"closed","ping_status":"closed","template":"","meta":[],"_links":{"self":[{"href":"https:\/\/www.gremlins.be\/fr\/wp-json\/wp\/v2\/pages\/2"}],"collection":[{"href":"https:\/\/www.gremlins.be\/fr\/wp-json\/wp\/v2\/pages"}],"about":[{"href":"https:\/\/www.gremlins.be\/fr\/wp-json\/wp\/v2\/types\/page"}],"author":[{"embeddable":true,"href":"https:\/\/www.gremlins.be\/fr\/wp-json\/wp\/v2\/users\/1"}],"replies":[{"embeddable":true,"href":"https:\/\/www.gremlins.be\/fr\/wp-json\/wp\/v2\/comments?post=2"}],"version-history":[{"count":23,"href":"https:\/\/www.gremlins.be\/fr\/wp-json\/wp\/v2\/pages\/2\/revisions"}],"predecessor-version":[{"id":476,"href":"https:\/\/www.gremlins.be\/fr\/wp-json\/wp\/v2\/pages\/2\/revisions\/476"}],"wp:attachment":[{"href":"https:\/\/www.gremlins.be\/fr\/wp-json\/wp\/v2\/media?parent=2"}],"curies":[{"name":"wp","href":"https:\/\/api.w.org\/{rel}","templated":true}]}}