{"id":31,"date":"2020-02-12T17:18:09","date_gmt":"2020-02-12T16:18:09","guid":{"rendered":"http:\/\/www.gremlins.be\/?page_id=31"},"modified":"2020-02-18T17:45:26","modified_gmt":"2020-02-18T16:45:26","slug":"temoignages","status":"publish","type":"page","link":"https:\/\/www.gremlins.be\/fr\/temoignages\/","title":{"rendered":"T\u00e9moignages"},"content":{"rendered":"<div class=\"testimonials-list\">\n\n  <div class=\"row\">\n\n          \n      <div class=\"col-lg-6 col-md-6\">\n  <div class=\"testimonial-item\">\n    <h1 class=\"author\">Mireille Barbet<\/h1>\n    <div class=\"testimonial-content\">\n    <p>un grand merci pour le s\u00e9jout des mes petites beagles Emcee &amp; Eidy. Je suis certaine qu\u2019elles se sont amus\u00e9es comme des petites folles avec tous leurs copains de vacance. Elles n\u2019ont jamais \u00e9t\u00e9 aussi calmes \u00e0 la maison ! Bravo pour votre formule de pension surtout pour des petits monstres qui ont besoin d\u2019espace, de libert\u00e9 et de compagnie comme les miennes. En plus, les ma\u00eetres sont parfaitement rassur\u00e9s.<br \/>\nMerci encore pour votre accueil et \u00e0 tr\u00e8s bient\u00f4t aux prochaines vacances.<\/p>\n\n    <\/div>\n  <\/div>\n<\/div>\n      \n          \n      <div class=\"col-lg-6 col-md-6\">\n  <div class=\"testimonial-item\">\n    <h1 class=\"author\">Dr Jean Bastien &#8211; Administrateur d\u00e9l\u00e9gu\u00e9 Fondation Prince Laurent<\/h1>\n    <div class=\"testimonial-content\">\n    <p>Madame, Monsieur,<br \/>\nNous vous remercions chaleureusement pour la lettre tr\u00e8s touchante que vous nous avez adress\u00e9e suit \u00e0 la mort de Kiki le petit compagnon de Mme Vanderlinden. Nous savons que Kiki a eu une fin de vie tr\u00e8s heureuse chez vous et qu\u2019il y a \u00e9t\u00e9 merveilleusement soign\u00e9. Nous en sommes tr\u00e8s heureux et vous renouvelons nos remerciements pour vous \u00eatre occup\u00e9s de lui pendant quelques ann\u00e9es.<br \/>\nJe vous prie de croire, Madame, Monsieur, en l\u2019assurance de mes sentiments les plus distingu\u00e9s.<\/p>\n\n    <\/div>\n  <\/div>\n<\/div>\n      \n          \n      <div class=\"col-lg-6 col-md-6\">\n  <div class=\"testimonial-item\">\n    <h1 class=\"author\">Mr et Mme Laurant \u2013 Dumortier<\/h1>\n    <div class=\"testimonial-content\">\n    <p>Nous vous souhaitons un Joeux No\u00ebl et meilleurs voeux pour 2004.<br \/>\nEn vous remerciant encore chaleureusement d\u2019avoir sauv\u00e9 notre Kali gr\u00e2ce \u00e0 votre vigilence, d\u00e9vouement et votre gentillesse avec lui en juin dernier.<\/p>\n\n    <\/div>\n  <\/div>\n<\/div>\n      \n          \n      <div class=\"col-lg-6 col-md-6\">\n  <div class=\"testimonial-item\">\n    <h1 class=\"author\">Gremlins<\/h1>\n    <div class=\"testimonial-content\">\n    <p>Coucou Corinne,<br \/>\nje t\u2019envoie ma photo. Je ferme les yeux car je suis heureux. Grand merci pour les bons soins prodigu\u00e9s chez toi.<br \/>\nJe reviens \u00e0 Herne en septembre car mes ma\u00eetres partent en Egypte. Bonjour \u00e0 ton mari, bisous de Tigris Chavalle<\/p>\n\n    <\/div>\n  <\/div>\n<\/div>\n      \n          \n      <div class=\"col-lg-6 col-md-6\">\n  <div class=\"testimonial-item\">\n    <h1 class=\"author\">Van Sintejan<\/h1>\n    <div class=\"testimonial-content\">\n    <p>ch\u00e8re Madame,<br \/>\nc\u2019est de tout coeur que je tiens \u00e0 vous remercier pour les jolis cadeaux de No\u00ebl que vous avez offerts \u00e0 Beau et Cervin. Ils sont ravis, courent dans tous les sens et se les partagent comme des tr\u00e9sors !<br \/>\nEncore merci pour le coca qui m\u2019a redonn\u00e9 l\u2019\u00e9nergie pour rentrer sans encombres \u00e0 la maison. Le malaise n\u2019est plus qu\u2019un mauvais souvenir. En vous remerciant pour la bienveillance que vous avez toujours eue pour nos toutous je tiens \u00e0 vous assurer ch\u00e8re madame de mes sentiments respectueux et toute notre petite famille vous embrasse vous et les v\u00f4tres chaleureusement. Bonne et heureuse ann\u00e9e 2006<\/p>\n<p>Marie Agn\u00e8s, Bruno, Alex, Igor, Beau &amp; Cervin<\/p>\n\n    <\/div>\n  <\/div>\n<\/div>\n      \n          \n      <div class=\"col-lg-6 col-md-6\">\n  <div class=\"testimonial-item\">\n    <h1 class=\"author\">Van kelegom<\/h1>\n    <div class=\"testimonial-content\">\n    <p>Bonjour, ce petit mail pour vous dire que Kika ne viendra plus chez vous vu qu\u2019elle s\u2019est endormie d\u00e9finitivement samedi pass\u00e9.<br \/>\nJe tenais \u00e0 vous remercier pour les chouettes vacances qu\u2019elle a pass\u00e9 chez vous.<br \/>\nBien \u00e0 vous,<\/p>\n<p>Jo\u00eblle<\/p>\n\n    <\/div>\n  <\/div>\n<\/div>\n      \n          \n      <div class=\"col-lg-6 col-md-6\">\n  <div class=\"testimonial-item\">\n    <h1 class=\"author\">Emilie from Canada<\/h1>\n    <div class=\"testimonial-content\">\n    <p>Chers amis,<\/p>\n<p>Je profite de l\u2019occasion du temps des f\u00eates pour vous envoyer un petit coucou.<br \/>\nTout va bien chez nous; Mathias a d\u00e9j\u00e0 presque 14 mois et marchera probablement pendant les vacances de No\u00ebl\u2026<br \/>\nIl est un gentil gar\u00e7on qui fait bien rigoler ses parents. Nous nous pr\u00e9parons \u00e0 recevoir autant de neige que l\u2019hiver dernier, \u00e7a n\u2019arr\u00eate pas de tomber \u00e0 Ottawa!<\/p>\n<p>Patrick, Mathias et moi vous souhaitons un tr\u00e8s joyeux No\u00ebl et une ann\u00e9e 2009 des plus heureuses, pleine de rires et de sant\u00e9\u2026.<\/p>\n<p>Happy new Year from Canada !<\/p>\n<p>\u00c9milie, Patrick, Mathias<\/p>\n\n    <\/div>\n  <\/div>\n<\/div>\n      \n          \n      <div class=\"col-lg-6 col-md-6\">\n  <div class=\"testimonial-item\">\n    <h1 class=\"author\">Jacques &#038; Myriam<\/h1>\n    <div class=\"testimonial-content\">\n    <p>Nous venons de visiter votre site et l\u2019on tient \u00e0 vous f\u00e9liciter<br \/>\npour sa qualit\u00e9 exceptionnelle. La photo de notre Jessy est vraiment<br \/>\ntr\u00e8s r\u00e9ussie. Vous avez beaucoup de m\u00e9rite et \u00eates un exemple pour<br \/>\ntous les amis des animaux.<br \/>\nGros bisous et \u00e0 tr\u00e8s bient\u00f4t.<\/p>\n<p>Myrianne &amp; Jacques<\/p>\n\n    <\/div>\n  <\/div>\n<\/div>\n      \n          \n      <div class=\"col-lg-6 col-md-6\">\n  <div class=\"testimonial-item\">\n    <h1 class=\"author\">Linus &#038; Muriel<\/h1>\n    <div class=\"testimonial-content\">\n    <p>Ch\u00e8re Corinne,<\/p>\n<p>juste un petit mot pour vous dire que Linus va tr\u00e8s bien, ses griffes<br \/>\nsur le nez ont quasi disparu et il ne reste aucune trace de son<br \/>\nprobl\u00e8me aux dents. Bref il est en pleine forme et toujours aussi<br \/>\ngentil et collant. Les filles \u00e9taient ravies de le retrouver.<br \/>\nEncore un grand merci de vous etre bien occup\u00e9 de lui.<br \/>\nBien \u00e0 vous,<br \/>\nMuriel<\/p>\n\n    <\/div>\n  <\/div>\n<\/div>\n      \n          \n      <div class=\"col-lg-6 col-md-6\">\n  <div class=\"testimonial-item\">\n    <h1 class=\"author\">Fabrizio<\/h1>\n    <div class=\"testimonial-content\">\n    <p>Bonsoir vous deux,<br \/>\nElliot et Nougatine vous remercient pour les merveilleux moments qu\u2019ils ont pass\u00e9s durant les f\u00eates en votre compagnie!<br \/>\nNous sommes tr\u00e8s heureux de vous avoir fait confiance et nous vous f\u00e9licitons pour vos bons soins.<br \/>\nQuel confort de savoir que nos toutous \u00e9taient entre de bonnes mains!<br \/>\nEncore merci pour eux et sans doute rendez-vous pour les grandes vacances.<br \/>\nBien \u00e0 vous,<br \/>\nFabrizio.<\/p>\n\n    <\/div>\n  <\/div>\n<\/div>\n      \n          \n      <div class=\"col-lg-6 col-md-6\">\n  <div class=\"testimonial-item\">\n    <h1 class=\"author\">E.Dumortier<\/h1>\n    <div class=\"testimonial-content\">\n    <p>Phenix et Djinn-Joy nos 2 norfolk qui ont passes deja 4 fois 1 mois chez vous se portent bien et sont toujours heureux et joyeux arrivant chez vous .<br \/>\nMerci pour l accueil ,les photos et nouvelles que vous nous envoyez lors de nos vacances.<br \/>\nmerci de chaque fois nous les rendre en super forme et de nous commenter leurs frasques et aventures surtout de Jinn-Joy<br \/>\nPour eux ce sont vraiment des vacances ,ils retrouvent leurs copains et copines et nous partons tranquilles sachant que quoi qu il arrive vous les soignerez et ferez pour le mieux<br \/>\nMerci encore et de tte maniere a bientot.<br \/>\nE.Dumortier<\/p>\n\n    <\/div>\n  <\/div>\n<\/div>\n      \n          \n      <div class=\"col-lg-6 col-md-6\">\n  <div class=\"testimonial-item\">\n    <h1 class=\"author\">Anne<\/h1>\n    <div class=\"testimonial-content\">\n    <p>C\u2019est toujours avec un grand plaisir que mon loulou se rend chez vous. Pourtant il n\u2019est pas des confiants, raison de plus pour \u00eatre certaine qu\u2019il est \u00e0 la bonne adresse : il ne donne pas sa confiance et son amour \u00e0 n\u2019importe qui! \ud83d\ude09 C\u2019est donc toujours un grand soulagement de pouvoir le laisser derri\u00e8re chez des personnes de confiance et aimantes. Merci beaucoup pour les bons soins. A bient\u00f4t!<\/p>\n\n    <\/div>\n  <\/div>\n<\/div>\n      \n          \n      <div class=\"col-lg-6 col-md-6\">\n  <div class=\"testimonial-item\">\n    <h1 class=\"author\">Dumont<\/h1>\n    <div class=\"testimonial-content\">\n    <p>Pour notre chien Vick , aller chez Gremlin\u2019s Farm c\u2019est partir en vacances.<br \/>\nIl arrive sur place et hop, oubli\u00e9 papa et maman.<\/p>\n<p>Je dis un grand bonjour \u00e0 Danny et Corinne et je fonce pour faire connaissance avec mes nouveaux copains.<br \/>\nC\u2019est plus qu \u2018une pension pour chiens , c\u2019est un vrai centre de vacances.<br \/>\nAlors n\u2019h\u00e9sitez pas les amis. Si vous \u00eates sociables, venez me rejoindre.<\/p>\n\n    <\/div>\n  <\/div>\n<\/div>\n      \n          \n      <div class=\"col-lg-6 col-md-6\">\n  <div class=\"testimonial-item\">\n    <h1 class=\"author\">Erwin Abbeloos (Brussel)<\/h1>\n    <div class=\"testimonial-content\">\n    <p>Simba est rest\u00e9 trois semaines. Nous n\u2019\u00e9tions jamais aussi longtemps s\u00e9par\u00e9s. On est toujours un peu inquiet de savoir comment \u00e7a va se passer ; Simba a beaucoup souffert dans un pass\u00e9 pas si lointain (maltraitance, abandon) ; en plus il a besoin d\u2019un petit m\u00e9dicament tous les deux jours. Simba peut \u00eatre un peu m\u00e9fiant au d\u00e9but, alors qu\u2019il s\u2019adapte assez vite aux gens et aux nouveaux amis chats. Corinne envoie de temps en temps les nouvelles des vacances (o\u00f9 trouve-t\u2019elle le temps ?!), ce qui rassure le \u00ab papa \u00bb. Au bout de quelques jours, Simba s\u2019est senti \u00e0 l\u2019aise et \u00e9tait redevenu ce chat c\u00e2lin que je connais. Les soins et l\u2019attention que Corinne montre tous les jours sont l\u00e9gendaires. Une personne chaleureuse, avec beaucoup de patience et surtout avec un professionnalisme de savoir p\u00e9n\u00e9trer dans le monde myst\u00e9rieux de nos amis. Elle a su rassurer Simba. Au retour, Simba ne voulait m\u00eame plus revenir avec moi. Apr\u00e8s un duel assez f\u00e9roce entre Simba et moi, on a r\u00e9ussi \u00e0 le ramener \u00e0 la maison. Et l\u00e0 il est ce gentil Simba, calme, repos\u00e9 et c\u00e2lin, et pas du tout traumatis\u00e9. Il mange, il boit et il joue comme avant. Gremlins Farm, ce sont des vacances rassurantes et inoubliables. Un grand et chaleureux merci \u00e0 tout le monde du \u00ab Sherazade \u00bb et de \u00ab l\u2019h\u00f4tel \u00bb des chats.<\/p>\n\n    <\/div>\n  <\/div>\n<\/div>\n      \n          \n      <div class=\"col-lg-6 col-md-6\">\n  <div class=\"testimonial-item\">\n    <h1 class=\"author\">Madame Suber d\u2019evere<\/h1>\n    <div class=\"testimonial-content\">\n    <p>coucou,<\/p>\n<p>voil\u00e0 je voulais encore vous remercier d\u2019avoir bien soign\u00e9 mon chat pendant mes vacances la premi\u00e8re nuit j\u2019ai pass\u00e9 une nuit blanche car il a beaucoup miaul\u00e9 mais maintenant tout est rentr\u00e9 dans l\u2019ordre il a retrouv\u00e9 ses habitudes. A l\u2019ann\u00e9e prochaine si nous partons en vacances c\u2019est s\u00fbr Elton reviendra chez vous.<\/p>\n\n    <\/div>\n  <\/div>\n<\/div>\n      \n        \n  <\/div>\n\n<\/div>\n\n","protected":false},"excerpt":{"rendered":"","protected":false},"author":1,"featured_media":0,"parent":0,"menu_order":0,"comment_status":"closed","ping_status":"closed","template":"","meta":[],"_links":{"self":[{"href":"https:\/\/www.gremlins.be\/fr\/wp-json\/wp\/v2\/pages\/31"}],"collection":[{"href":"https:\/\/www.gremlins.be\/fr\/wp-json\/wp\/v2\/pages"}],"about":[{"href":"https:\/\/www.gremlins.be\/fr\/wp-json\/wp\/v2\/types\/page"}],"author":[{"embeddable":true,"href":"https:\/\/www.gremlins.be\/fr\/wp-json\/wp\/v2\/users\/1"}],"replies":[{"embeddable":true,"href":"https:\/\/www.gremlins.be\/fr\/wp-json\/wp\/v2\/comments?post=31"}],"version-history":[{"count":2,"href":"https:\/\/www.gremlins.be\/fr\/wp-json\/wp\/v2\/pages\/31\/revisions"}],"predecessor-version":[{"id":369,"href":"https:\/\/www.gremlins.be\/fr\/wp-json\/wp\/v2\/pages\/31\/revisions\/369"}],"wp:attachment":[{"href":"https:\/\/www.gremlins.be\/fr\/wp-json\/wp\/v2\/media?parent=31"}],"curies":[{"name":"wp","href":"https:\/\/api.w.org\/{rel}","templated":true}]}}