{"id":350,"date":"2020-02-18T14:40:38","date_gmt":"2020-02-18T13:40:38","guid":{"rendered":"http:\/\/www.gremlins.be\/contrats\/"},"modified":"2021-09-29T10:45:47","modified_gmt":"2021-09-29T08:45:47","slug":"contracten","status":"publish","type":"page","link":"https:\/\/www.gremlins.be\/nl\/contracten\/","title":{"rendered":"Contract"},"content":{"rendered":"<p>Lees en print in deze rubriek de verblijfscontracten.<\/p>\n<p>De contracten zijn beschikbaar in Pdf formaat (afdrukbaar).<\/p>\n<div class=\"row \">\n<div class=\" col-md-4  col-sm-6  \">\n<p><a href=\"https:\/\/www.gremlins.be\/app\/uploads\/2025\/12\/2026CONTRATCHATN.doc\" class=\"btn-contrat btn btn-primary  btn-block \" target=_blank><i class=\"fa fa-file-pdf \"><\/i> Contract voor katten<\/a><\/p>\n<\/div>\n<\/div>\n<div class=\"row d-none\">\n<div class=\"col  \">\n<p><a href=\"http:\/\/www.gremlins.be\/app\/uploads\/2020\/02\/2020CONTRATCHIENN.pdf\" class=\"btn-contrat btn btn-primary  btn-block \" target=_blank><i class=\"fa fa-file-pdf \"><\/i> Contract voor honden<\/a><\/p>\n<\/div>\n<div class=\"col  \">\n<p><a href=\"http:\/\/www.gremlins.be\/app\/uploads\/2020\/03\/Conditions-g\u00e9n\u00e9rales-et-r\u00e8glement-int\u00e9rieur-nl-1.pdf\" class=\"btn-contrat btn btn-primary  btn-block \" target=_blank><i class=\"fa fa-file-pdf \"><\/i> Algemene voorwaarden<\/a><\/p>\n<\/div>\n<\/div>\n","protected":false},"excerpt":{"rendered":"<p>Lees en print in deze rubriek de verblijfscontracten. De contracten zijn beschikbaar in Pdf formaat (afdrukbaar).<\/p>\n","protected":false},"author":1,"featured_media":0,"parent":0,"menu_order":0,"comment_status":"closed","ping_status":"closed","template":"","meta":[],"_links":{"self":[{"href":"https:\/\/www.gremlins.be\/nl\/wp-json\/wp\/v2\/pages\/350"}],"collection":[{"href":"https:\/\/www.gremlins.be\/nl\/wp-json\/wp\/v2\/pages"}],"about":[{"href":"https:\/\/www.gremlins.be\/nl\/wp-json\/wp\/v2\/types\/page"}],"author":[{"embeddable":true,"href":"https:\/\/www.gremlins.be\/nl\/wp-json\/wp\/v2\/users\/1"}],"replies":[{"embeddable":true,"href":"https:\/\/www.gremlins.be\/nl\/wp-json\/wp\/v2\/comments?post=350"}],"version-history":[{"count":10,"href":"https:\/\/www.gremlins.be\/nl\/wp-json\/wp\/v2\/pages\/350\/revisions"}],"predecessor-version":[{"id":492,"href":"https:\/\/www.gremlins.be\/nl\/wp-json\/wp\/v2\/pages\/350\/revisions\/492"}],"wp:attachment":[{"href":"https:\/\/www.gremlins.be\/nl\/wp-json\/wp\/v2\/media?parent=350"}],"curies":[{"name":"wp","href":"https:\/\/api.w.org\/{rel}","templated":true}]}}